{"id":542,"date":"2014-08-19T08:02:52","date_gmt":"2014-08-19T07:02:52","guid":{"rendered":"http:\/\/donprijedor.com\/?page_id=542"},"modified":"2014-08-25T13:11:52","modified_gmt":"2014-08-25T12:11:52","slug":"resursni-centar","status":"publish","type":"page","link":"http:\/\/donprijedor.com\/?page_id=542","title":{"rendered":"Resursni centar"},"content":{"rendered":"<p>Udru\u017eenje &#8220;DON&#8221;\u00a0 djeluje kao Resursni centar za sjeverozapadni dio BiH, te pru\u017ea\u00a0 nevladinim organizacijama\u00a0 razli\u010dite vrste usluga, od treninga, edukacija, pru\u017eanja savjeta i konsultacija te prilika za umre\u017eavanje i razmjenu informacija.<\/p>\n","protected":false},"excerpt":{"rendered":"<p>Udru\u017eenje &#8220;DON&#8221;\u00a0 djeluje kao Resursni centar za sjeverozapadni dio BiH, te pru\u017ea\u00a0 nevladinim organizacijama\u00a0 razli\u010dite vrste usluga, od treninga, edukacija, pru\u017eanja savjeta i konsultacija te prilika za umre\u017eavanje i razmjenu informacija.<\/p>\n<a class=\"more-link\" rel=\"nofollow\" href=\"http:\/\/donprijedor.com\/?page_id=542\">[Detaljnije...]<\/a>","protected":false},"author":1,"featured_media":0,"parent":0,"menu_order":0,"comment_status":"closed","ping_status":"closed","template":"","meta":{"footnotes":""},"class_list":["post-542","page","type-page","status-publish","hentry"],"_links":{"self":[{"href":"http:\/\/donprijedor.com\/index.php?rest_route=\/wp\/v2\/pages\/542","targetHints":{"allow":["GET"]}}],"collection":[{"href":"http:\/\/donprijedor.com\/index.php?rest_route=\/wp\/v2\/pages"}],"about":[{"href":"http:\/\/donprijedor.com\/index.php?rest_route=\/wp\/v2\/types\/page"}],"author":[{"embeddable":true,"href":"http:\/\/donprijedor.com\/index.php?rest_route=\/wp\/v2\/users\/1"}],"replies":[{"embeddable":true,"href":"http:\/\/donprijedor.com\/index.php?rest_route=%2Fwp%2Fv2%2Fcomments&post=542"}],"version-history":[{"count":3,"href":"http:\/\/donprijedor.com\/index.php?rest_route=\/wp\/v2\/pages\/542\/revisions"}],"predecessor-version":[{"id":654,"href":"http:\/\/donprijedor.com\/index.php?rest_route=\/wp\/v2\/pages\/542\/revisions\/654"}],"wp:attachment":[{"href":"http:\/\/donprijedor.com\/index.php?rest_route=%2Fwp%2Fv2%2Fmedia&parent=542"}],"curies":[{"name":"wp","href":"https:\/\/api.w.org\/{rel}","templated":true}]}}