{"id":546,"date":"2014-08-19T08:03:30","date_gmt":"2014-08-19T07:03:30","guid":{"rendered":"http:\/\/donprijedor.com\/?page_id=546"},"modified":"2014-08-25T13:05:20","modified_gmt":"2014-08-25T12:05:20","slug":"zastita-potrosaca","status":"publish","type":"page","link":"http:\/\/donprijedor.com\/?page_id=546","title":{"rendered":"Za\u0161tita potro\u0161a\u010da"},"content":{"rendered":"<p>Udru\u017eenje gra\u0111ana \u201eDON\u201c je aktivno od 2008. godine u svoj rad uvelo kao strate\u0161ki programa oblast za\u0161tite potro\u0161a\u010da. Jedno smo od osam registrovanih Udru\u017eenja za za\u0161titu potro\u0161a\u010da registrovano pri odsjeku za za\u0161titu potro\u0161a\u010da, Ministarstva trgovine i turizma Vlade Republike Srpske.<\/p>\n<p>Udru\u017eenje u sklopu redovnih aktivnosti na za\u0161titi potro\u0161a\u010da vr\u0161i:<\/p>\n<p>\u2022 Kontrolu cijena osnovnih \u017eivotnih namirnica svakog mjeseca u \u010detiri trgova\u010dka centra u Prijedoru;<br \/>\n\u2022 Pra\u0107enje izdavanja fiskalnih ra\u010duna potro\u0161a\u010dima kod svih pru\u017eaoca usluga;<br \/>\n\u2022 Kontrolu sezonskih sni\u017eenja i rasprodaja u Prijedoru i gradovima prijedorske regije;<br \/>\n\u2022 Zastupanje potro\u0161a\u010da pred pru\u017eaocima usluga;<\/p>\n<p>Od po\u010detka rada na za\u0161titi potro\u0161a\u010da udru\u017eenje pru\u017ea pravnu pomo\u0107 gra\u0111anima u slu\u010daju kr\u0161enja potro\u0161a\u010dkih prava od strane trgovaca i pru\u017eaoca usluga.<\/p>\n<p>Za potrebe boljeg informisanja gra\u0111ana o potro\u0161a\u010dkim pravima sve aktivnosti vezane za za\u0161titu potro\u0161a\u010da se objavljuju na sajtu Udru\u017eenja, te Facebook stranici Udru\u017eenja za za\u0161titu potro\u0161a\u010da DON. Redovni smo sagovornici sa novinarima Nezavisnih novina i Blica koji su u svojim tekstovima o za\u0161titi potro\u0161a\u010da redovno, objavljivali izjave i podatke o istra\u017eivanjima UG \u201eDON\u201c-a.<\/p>\n","protected":false},"excerpt":{"rendered":"<p>Udru\u017eenje gra\u0111ana \u201eDON\u201c je aktivno od 2008. godine u svoj rad uvelo kao strate\u0161ki programa oblast za\u0161tite potro\u0161a\u010da. Jedno smo od osam registrovanih Udru\u017eenja za za\u0161titu potro\u0161a\u010da registrovano pri odsjeku za za\u0161titu potro\u0161a\u010da, Ministarstva trgovine i turizma Vlade Republike Srpske. Udru\u017eenje u sklopu redovnih aktivnosti na za\u0161titi potro\u0161a\u010da vr\u0161i: \u2022 Kontrolu cijena osnovnih \u017eivotnih namirnica svakog mjeseca u \u010detiri trgova\u010dka centra u Prijedoru; \u2022 Pra\u0107enje izdavanja fiskalnih ra\u010duna potro\u0161a\u010dima kod svih pru\u017eaoca usluga; \u2022 Kontrolu sezonskih sni\u017eenja i rasprodaja u Prijedoru i gradovima prijedorske regije; \u2022 Zastupanje potro\u0161a\u010da pred pru\u017eaocima usluga; Od po\u010detka rada na za\u0161titi potro\u0161a\u010da udru\u017eenje pru\u017ea pravnu pomo\u0107 gra\u0111anima u slu\u010daju kr\u0161enja potro\u0161a\u010dkih prava od strane trgovaca i pru\u017eaoca usluga. Za potrebe boljeg informisanja gra\u0111ana o potro\u0161a\u010dkim pravima sve aktivnosti vezane za za\u0161titu potro\u0161a\u010da se objavljuju na sajtu Udru\u017eenja, te Facebook stranici Udru\u017eenja za za\u0161titu potro\u0161a\u010da DON. Redovni smo sagovornici sa novinarima Nezavisnih novina i Blica koji su u svojim tekstovima o za\u0161titi potro\u0161a\u010da redovno, objavljivali izjave i podatke o istra\u017eivanjima UG \u201eDON\u201c-a.<\/p>\n<a class=\"more-link\" rel=\"nofollow\" href=\"http:\/\/donprijedor.com\/?page_id=546\">[Detaljnije...]<\/a>","protected":false},"author":1,"featured_media":0,"parent":0,"menu_order":0,"comment_status":"closed","ping_status":"closed","template":"","meta":{"footnotes":""},"class_list":["post-546","page","type-page","status-publish","hentry"],"_links":{"self":[{"href":"http:\/\/donprijedor.com\/index.php?rest_route=\/wp\/v2\/pages\/546","targetHints":{"allow":["GET"]}}],"collection":[{"href":"http:\/\/donprijedor.com\/index.php?rest_route=\/wp\/v2\/pages"}],"about":[{"href":"http:\/\/donprijedor.com\/index.php?rest_route=\/wp\/v2\/types\/page"}],"author":[{"embeddable":true,"href":"http:\/\/donprijedor.com\/index.php?rest_route=\/wp\/v2\/users\/1"}],"replies":[{"embeddable":true,"href":"http:\/\/donprijedor.com\/index.php?rest_route=%2Fwp%2Fv2%2Fcomments&post=546"}],"version-history":[{"count":3,"href":"http:\/\/donprijedor.com\/index.php?rest_route=\/wp\/v2\/pages\/546\/revisions"}],"predecessor-version":[{"id":650,"href":"http:\/\/donprijedor.com\/index.php?rest_route=\/wp\/v2\/pages\/546\/revisions\/650"}],"wp:attachment":[{"href":"http:\/\/donprijedor.com\/index.php?rest_route=%2Fwp%2Fv2%2Fmedia&parent=546"}],"curies":[{"name":"wp","href":"https:\/\/api.w.org\/{rel}","templated":true}]}}