{"id":10878,"date":"2026-04-30T15:37:29","date_gmt":"2026-04-30T14:37:29","guid":{"rendered":"https:\/\/donprijedor.com\/?page_id=10878"},"modified":"2026-04-30T15:37:51","modified_gmt":"2026-04-30T14:37:51","slug":"resursni-centar-2","status":"publish","type":"page","link":"https:\/\/donprijedor.com\/?page_id=10878","title":{"rendered":"Resursni centar"},"content":{"rendered":"\t\t<div data-elementor-type=\"wp-page\" data-elementor-id=\"10878\" class=\"elementor elementor-10878\">\n\t\t\t\t\t\t<div class=\"elementor-element elementor-element-2ce7db6d e-con e-atomic-element e-flexbox-base e-2ce7db6d-6458284\" data-id=\"2ce7db6d\" data-element_type=\"e-flexbox\" data-e-type=\"e-flexbox\" data-interaction-id=\"2ce7db6d\">\n\t\t\t\t\t\t\t<h2 \n\t\tdata-interaction-id=\"654de759\" \n\t\tclass=\"e-654de759-2324cac e-heading-base\" \n\t\t \n\t\t\n\t>\n\t\n\t\t\t<strong>Resursni centar<\/strong>\n\t\t<\/h2>\n\t\t\t\t<\/div>\n\t\t<div class=\"elementor-element elementor-element-30ced3aa e-flex e-con-boxed e-con e-parent\" data-id=\"30ced3aa\" data-element_type=\"container\" data-e-type=\"container\">\n\t\t\t\t\t<div class=\"e-con-inner\">\n\t\t\t\t<div class=\"elementor-element elementor-element-10aec5c1 elementor-widget elementor-widget-text-editor\" data-id=\"10aec5c1\" data-element_type=\"widget\" data-e-type=\"widget\" data-widget_type=\"text-editor.default\">\n\t\t\t\t\t\t\t\t\t<p><span>Udru\u017eenje \u201cDON\u201d\u00a0 djeluje kao Resursni centar za sjeverozapadni dio BiH, te pru\u017ea\u00a0 nevladinim organizacijama\u00a0 razli\u010dite vrste usluga, od treninga, edukacija, pru\u017eanja savjeta i konsultacija te prilika za umre\u017eavanje i razmjenu informacija.<\/span><\/p>\t\t\t\t\t\t\t\t<\/div>\n\t\t\t\t\t<\/div>\n\t\t\t\t<\/div>\n\t\t\t\t<\/div>\n\t\t","protected":false},"excerpt":{"rendered":"<p>Resursni centar Udru\u017eenje \u201cDON\u201d\u00a0 djeluje kao Resursni centar za sjeverozapadni dio BiH, te pru\u017ea\u00a0 nevladinim organizacijama\u00a0 razli\u010dite vrste usluga, od treninga, edukacija, pru\u017eanja savjeta i konsultacija te prilika za umre\u017eavanje i razmjenu informacija.<\/p>\n","protected":false},"author":1,"featured_media":0,"parent":0,"menu_order":0,"comment_status":"closed","ping_status":"closed","template":"","meta":{"give_campaign_id":0,"footnotes":""},"class_list":["post-10878","page","type-page","status-publish","hentry"],"aioseo_notices":[],"campaignId":"","_links":{"self":[{"href":"https:\/\/donprijedor.com\/index.php?rest_route=\/wp\/v2\/pages\/10878","targetHints":{"allow":["GET"]}}],"collection":[{"href":"https:\/\/donprijedor.com\/index.php?rest_route=\/wp\/v2\/pages"}],"about":[{"href":"https:\/\/donprijedor.com\/index.php?rest_route=\/wp\/v2\/types\/page"}],"author":[{"embeddable":true,"href":"https:\/\/donprijedor.com\/index.php?rest_route=\/wp\/v2\/users\/1"}],"replies":[{"embeddable":true,"href":"https:\/\/donprijedor.com\/index.php?rest_route=%2Fwp%2Fv2%2Fcomments&post=10878"}],"version-history":[{"count":4,"href":"https:\/\/donprijedor.com\/index.php?rest_route=\/wp\/v2\/pages\/10878\/revisions"}],"predecessor-version":[{"id":11186,"href":"https:\/\/donprijedor.com\/index.php?rest_route=\/wp\/v2\/pages\/10878\/revisions\/11186"}],"wp:attachment":[{"href":"https:\/\/donprijedor.com\/index.php?rest_route=%2Fwp%2Fv2%2Fmedia&parent=10878"}],"curies":[{"name":"wp","href":"https:\/\/api.w.org\/{rel}","templated":true}]}}