{"id":10886,"date":"2026-04-30T15:37:29","date_gmt":"2026-04-30T14:37:29","guid":{"rendered":"https:\/\/donprijedor.com\/?page_id=10886"},"modified":"2026-04-30T15:37:51","modified_gmt":"2026-04-30T14:37:51","slug":"rad-na-pracenju-izbornog-procesa","status":"publish","type":"page","link":"https:\/\/donprijedor.com\/?page_id=10886","title":{"rendered":"Rad na pra\u0107enju izbornog procesa"},"content":{"rendered":"\t\t<div data-elementor-type=\"wp-page\" data-elementor-id=\"10886\" class=\"elementor elementor-10886\">\n\t\t\t\t\t\t<div class=\"elementor-element elementor-element-73560293 e-con e-atomic-element e-flexbox-base e-73560293-270675a\" data-id=\"73560293\" data-element_type=\"e-flexbox\" data-e-type=\"e-flexbox\" data-interaction-id=\"73560293\">\n\t\t\t\t\t\t\t<h2 \n\t\tdata-interaction-id=\"6f7aa3e7\" \n\t\tclass=\"e-6f7aa3e7-ce786e0 e-heading-base\" \n\t\t \n\t\t\n\t>\n\t\n\t\t\t<strong>Rad na pra\u0107enju izbornog procesa<\/strong>\n\t\t<\/h2>\n\t\t\t\t<\/div>\n\t\t<div class=\"elementor-element elementor-element-7bb2dbc5 e-flex e-con-boxed e-con e-parent\" data-id=\"7bb2dbc5\" data-element_type=\"container\" data-e-type=\"container\">\n\t\t\t\t\t<div class=\"e-con-inner\">\n\t\t\t\t<div class=\"elementor-element elementor-element-17f19d15 elementor-widget elementor-widget-text-editor\" data-id=\"17f19d15\" data-element_type=\"widget\" data-e-type=\"widget\" data-widget_type=\"text-editor.default\">\n\t\t\t\t\t\t\t\t\t<p>Od samog osnivanja Udru\u017eenje \u201eDON\u201cradi na pra\u0107enju izbornog procesa. Nakon izbora u 2012.godini pristupilo se tra\u017eenju novih mogu\u0107nosti u pobolj\u0161anju izbornog procesa \u0161to je bio jedan od zaklju\u010daka sa konferencije odr\u017eane nakon Izbora u 2012.godini.<\/p><p>Vije\u0107e Evrope u saradnji sa Centralnom Izbornom Komisijom organizovalo je set edukacija za 20 OCD-a i oko 160 predstavnika koji su nakon polaganja postali vlasnici vrijednih Certifikata, koji omogu\u0107uju dalje aktivnosti na edukaciji posmatra\u010da i pra\u0107enju izbora.<\/p><p>Osam predstavnika DON-a vlasnici su Certifikata. Va\u017eno je napomenuti da su pored zaposlenika u proces bili uklju\u010deni i volonteri DON-a koji su bili posmatra\u010di na prethodnim izborima, a sada \u0107e pored posmatranja biti edukatori za nove posmatra\u010de.<\/p>\t\t\t\t\t\t\t\t<\/div>\n\t\t\t\t\t<\/div>\n\t\t\t\t<\/div>\n\t\t\t\t<\/div>\n\t\t","protected":false},"excerpt":{"rendered":"<p>Rad na pra\u0107enju izbornog procesa Od samog osnivanja Udru\u017eenje \u201eDON\u201cradi na pra\u0107enju izbornog procesa. Nakon izbora u 2012.godini pristupilo se tra\u017eenju novih mogu\u0107nosti u pobolj\u0161anju izbornog procesa \u0161to je bio jedan od zaklju\u010daka sa konferencije odr\u017eane nakon Izbora u 2012.godini. Vije\u0107e Evrope u saradnji sa Centralnom Izbornom Komisijom organizovalo je set edukacija za 20 OCD-a [&hellip;]<\/p>\n","protected":false},"author":1,"featured_media":0,"parent":0,"menu_order":0,"comment_status":"closed","ping_status":"closed","template":"","meta":{"give_campaign_id":0,"footnotes":""},"class_list":["post-10886","page","type-page","status-publish","hentry"],"aioseo_notices":[],"campaignId":"","_links":{"self":[{"href":"https:\/\/donprijedor.com\/index.php?rest_route=\/wp\/v2\/pages\/10886","targetHints":{"allow":["GET"]}}],"collection":[{"href":"https:\/\/donprijedor.com\/index.php?rest_route=\/wp\/v2\/pages"}],"about":[{"href":"https:\/\/donprijedor.com\/index.php?rest_route=\/wp\/v2\/types\/page"}],"author":[{"embeddable":true,"href":"https:\/\/donprijedor.com\/index.php?rest_route=\/wp\/v2\/users\/1"}],"replies":[{"embeddable":true,"href":"https:\/\/donprijedor.com\/index.php?rest_route=%2Fwp%2Fv2%2Fcomments&post=10886"}],"version-history":[{"count":4,"href":"https:\/\/donprijedor.com\/index.php?rest_route=\/wp\/v2\/pages\/10886\/revisions"}],"predecessor-version":[{"id":11190,"href":"https:\/\/donprijedor.com\/index.php?rest_route=\/wp\/v2\/pages\/10886\/revisions\/11190"}],"wp:attachment":[{"href":"https:\/\/donprijedor.com\/index.php?rest_route=%2Fwp%2Fv2%2Fmedia&parent=10886"}],"curies":[{"name":"wp","href":"https:\/\/api.w.org\/{rel}","templated":true}]}}