{"id":10946,"date":"2026-04-30T15:37:35","date_gmt":"2026-04-30T14:37:35","guid":{"rendered":"https:\/\/donprijedor.com\/?page_id=10946"},"modified":"2026-05-05T08:52:39","modified_gmt":"2026-05-05T07:52:39","slug":"vijesti","status":"publish","type":"page","link":"https:\/\/donprijedor.com\/?page_id=10946","title":{"rendered":"Vijesti"},"content":{"rendered":"\t\t<div data-elementor-type=\"wp-page\" data-elementor-id=\"10946\" class=\"elementor elementor-10946\">\n\t\t\t\t\t\t<section class=\"elementor-section elementor-top-section elementor-element elementor-element-745cad03 elementor-section-boxed elementor-section-height-default elementor-section-height-default\" data-id=\"745cad03\" data-element_type=\"section\" data-e-type=\"section\">\n\t\t\t\t\t\t<div class=\"elementor-container elementor-column-gap-default\">\n\t\t\t\t\t<div class=\"elementor-column elementor-col-100 elementor-top-column elementor-element elementor-element-506ab\" data-id=\"506ab\" data-element_type=\"column\" data-e-type=\"column\">\n\t\t\t<div class=\"elementor-widget-wrap elementor-element-populated\">\n\t\t\t\t\t\t<div class=\"elementor-element elementor-element-30a9ec39 nav-left elementor-widget elementor-widget-wgl-blog\" data-id=\"30a9ec39\" data-element_type=\"widget\" data-e-type=\"widget\" data-settings=\"{&quot;blog_columns&quot;:&quot;12&quot;}\" data-widget_type=\"wgl-blog.default\">\n\t\t\t\t<div class=\"elementor-widget-container\">\n\t\t\t\t\t<section class=\"wgl_cpt_section\"><div class=\"blog-posts\"><div class=\"container-grid row blog_columns-1 grid blog-style-standard\"><div class=\"wgl_col-12 item\"><div class=\"blog-post format-standard-image\"><div class=\"blog-post_wrapper\"><div class=\"blog-post_media\"><div class=\"blog-post_media_part\"><a href=\"https:\/\/donprijedor.com\/?p=11146\" class=\"media-link image-overlay\"><img fetchpriority=\"high\" decoding=\"async\" src=\"https:\/\/donprijedor.com\/wp-content\/uploads\/2025\/04\/2-1170x725.jpg\" class=\" blog-img\" width=\"1170\" height=\"725\" alt=\"2\"><\/a><\/div><span class=\"post_categories\"><span><a href=\"https:\/\/donprijedor.com\/?cat=34\">Ekonomsko osna\u017eivanje gra\u0111ana<\/a><\/span><span><a href=\"https:\/\/donprijedor.com\/?cat=33\">Humanitarne, volonterske i edukativne aktivnosti<\/a><\/span><span><a href=\"https:\/\/donprijedor.com\/?cat=32\">Ja\u010danje civilnog dru\u0161tva<\/a><\/span><span><a href=\"https:\/\/donprijedor.com\/?cat=35\">Rad na gra\u0111enju zajednica<\/a><\/span><span><a href=\"https:\/\/donprijedor.com\/?cat=31\">Trenutni projekti<\/a><\/span><span><a href=\"https:\/\/donprijedor.com\/?cat=15\">Vijesti<\/a><\/span><\/span><\/div><div class=\"blog-post_content\"><div class=\"meta-data\"><span class=\"post_date\">30\/04\/2026<\/span><\/div><h3 class=\"blog-post_title\"><a href=\"https:\/\/donprijedor.com\/?p=11146\">Sastanak sa Udru\u017eenjem NEVEN<\/a><\/h3><div class=\"blog-post_text\">U srijedu 16.04.2025.godine, odr\u017eali smo prvi radni sastanaka u okviru programa PRAGG sa Udru\u017eenjem NEVEN iz Prijedora, koji ve\u0107 dugo godina o\u010dekuju da za\u017eivi tu\u0111a njega...<\/div><\/div><div class=\"blog-post_meta-wrap\"><div class=\"meta-data\"><span class=\"post_author\">By <a href=\"https:\/\/donprijedor.com\/?author=1\">webmaster<\/a><\/span><span class=\"comments_post\"><a href=\"https:\/\/donprijedor.com\/?p=11146#respond\" title=\"Leave a reply\">0 Comments<\/a><\/span><\/div><div class=\"meta-info\"><div class=\"share_post-container\"><a href=\"#\"><\/a><div class=\"share_social-wpapper\"><ul><li><a class=\"share_post share_twitter\" target=\"_blank\" href=\"https:\/\/twitter.com\/intent\/tweet?text=Sastanak%20sa%20Udru\u017eenjem%20NEVEN&#038;url=https:\/\/donprijedor.com\/?p=11146\"><span class=\"fab fa-twitter\"><\/span><\/a><\/li><li><a class=\"share_post share_facebook\" target=\"_blank\" href=\"https:\/\/www.facebook.com\/share.php?u=https:\/\/donprijedor.com\/?p=11146\"><span class=\"fab fa-facebook-f\"><\/span><\/a><\/li><li><a class=\"share_post share_pinterest\" target=\"_blank\" href=\"https:\/\/pinterest.com\/pin\/create\/button\/?url=https:\/\/donprijedor.com\/?p=11146&#038;media=https:\/\/donprijedor.com\/wp-content\/uploads\/2025\/04\/2.jpg\"><span class=\"fab fa-pinterest-p\"><\/span><\/a><\/li><li><a class=\"share_post share_linkedin\" target=\"_blank\" href=\"http:\/\/www.linkedin.com\/shareArticle?mini=true&#038;url=https%3A%2F%2Fdonprijedor.com%2F%3Fp%3D11146&title=Sastanak+sa+Udru%C5%BEenjem+NEVEN\"><span class=\"fab fa-linkedin-in fa-linkedin\"><\/span><\/a><\/li><\/ul><\/div><\/div><\/div><\/div><\/div><\/div><\/div><div class=\"wgl_col-12 item\"><div class=\"blog-post format-standard-image\"><div class=\"blog-post_wrapper\"><div class=\"blog-post_media\"><div class=\"blog-post_media_part\"><a href=\"https:\/\/donprijedor.com\/?p=11147\" class=\"media-link image-overlay\"><img decoding=\"async\" src=\"https:\/\/donprijedor.com\/wp-content\/uploads\/2025\/04\/11-1170x725.jpg\" class=\" blog-img blog-img\" width=\"1170\" height=\"725\" alt=\"11\"><\/a><\/div><span class=\"post_categories\"><span><a href=\"https:\/\/donprijedor.com\/?cat=34\">Ekonomsko osna\u017eivanje gra\u0111ana<\/a><\/span><span><a href=\"https:\/\/donprijedor.com\/?cat=33\">Humanitarne, volonterske i edukativne aktivnosti<\/a><\/span><span><a href=\"https:\/\/donprijedor.com\/?cat=35\">Rad na gra\u0111enju zajednica<\/a><\/span><span><a href=\"https:\/\/donprijedor.com\/?cat=31\">Trenutni projekti<\/a><\/span><span><a href=\"https:\/\/donprijedor.com\/?cat=15\">Vijesti<\/a><\/span><\/span><\/div><div class=\"blog-post_content\"><div class=\"meta-data\"><span class=\"post_date\">30\/04\/2026<\/span><\/div><h3 class=\"blog-post_title\"><a href=\"https:\/\/donprijedor.com\/?p=11147\">Zajedni\u010dki sastanak predstavnika Udru\u017eenja DON i Udru\u017eenja Stop Mobbing<\/a><\/h3><div class=\"blog-post_text\">Trebinje, 21.04.2025.god.\n\n\n\nZajedni\u010dki sastanak predstavnika Udru\u017eenja DON i Udru\u017eenja Stop Mobbing vezano za razmjenu iskustava u dosada\u0161njoj implementaciji projekta,...<\/div><\/div><div class=\"blog-post_meta-wrap\"><div class=\"meta-data\"><span class=\"post_author\">By <a href=\"https:\/\/donprijedor.com\/?author=1\">webmaster<\/a><\/span><span class=\"comments_post\"><a href=\"https:\/\/donprijedor.com\/?p=11147#respond\" title=\"Leave a reply\">0 Comments<\/a><\/span><\/div><div class=\"meta-info\"><div class=\"share_post-container\"><a href=\"#\"><\/a><div class=\"share_social-wpapper\"><ul><li><a class=\"share_post share_twitter\" target=\"_blank\" href=\"https:\/\/twitter.com\/intent\/tweet?text=Zajedni\u010dki%20sastanak%20predstavnika%20Udru\u017eenja%20DON%20i%20Udru\u017eenja%20Stop%20Mobbing&#038;url=https:\/\/donprijedor.com\/?p=11147\"><span class=\"fab fa-twitter\"><\/span><\/a><\/li><li><a class=\"share_post share_facebook\" target=\"_blank\" href=\"https:\/\/www.facebook.com\/share.php?u=https:\/\/donprijedor.com\/?p=11147\"><span class=\"fab fa-facebook-f\"><\/span><\/a><\/li><li><a class=\"share_post share_pinterest\" target=\"_blank\" href=\"https:\/\/pinterest.com\/pin\/create\/button\/?url=https:\/\/donprijedor.com\/?p=11147&#038;media=https:\/\/donprijedor.com\/wp-content\/uploads\/2025\/04\/11.jpg\"><span class=\"fab fa-pinterest-p\"><\/span><\/a><\/li><li><a class=\"share_post share_linkedin\" target=\"_blank\" href=\"http:\/\/www.linkedin.com\/shareArticle?mini=true&#038;url=https%3A%2F%2Fdonprijedor.com%2F%3Fp%3D11147&title=Zajedni%C4%8Dki+sastanak+predstavnika+Udru%C5%BEenja+DON+i+Udru%C5%BEenja+Stop+Mobbing\"><span class=\"fab fa-linkedin-in fa-linkedin\"><\/span><\/a><\/li><\/ul><\/div><\/div><\/div><\/div><\/div><\/div><\/div><div class=\"wgl_col-12 item\"><div class=\"blog-post format-standard-image\"><div class=\"blog-post_wrapper\"><div class=\"blog-post_media\"><div class=\"blog-post_media_part\"><a href=\"https:\/\/donprijedor.com\/?p=11148\" class=\"media-link image-overlay\"><img decoding=\"async\" src=\"https:\/\/donprijedor.com\/wp-content\/uploads\/2025\/04\/2-1-1170x725.jpg\" class=\" blog-img blog-img blog-img\" width=\"1170\" height=\"725\" alt=\"2\"><\/a><\/div><span class=\"post_categories\"><span><a href=\"https:\/\/donprijedor.com\/?cat=33\">Humanitarne, volonterske i edukativne aktivnosti<\/a><\/span><span><a href=\"https:\/\/donprijedor.com\/?cat=32\">Ja\u010danje civilnog dru\u0161tva<\/a><\/span><span><a href=\"https:\/\/donprijedor.com\/?cat=35\">Rad na gra\u0111enju zajednica<\/a><\/span><span><a href=\"https:\/\/donprijedor.com\/?cat=31\">Trenutni projekti<\/a><\/span><span><a href=\"https:\/\/donprijedor.com\/?cat=15\">Vijesti<\/a><\/span><\/span><\/div><div class=\"blog-post_content\"><div class=\"meta-data\"><span class=\"post_date\">30\/04\/2026<\/span><\/div><h3 class=\"blog-post_title\"><a href=\"https:\/\/donprijedor.com\/?p=11148\">Sastanak sa Udru\u017eenjem &#8220;Plavi balon&#8221;<\/a><\/h3><div class=\"blog-post_text\">Organizacije civilnog dru\u0161tva u Prijedoru, podr\u017eavaju inicijativu da se Pomo\u0107 i njega u ku\u0107i sprovodi u djelo.\n\n\n\nDanas smo sastanak odr\u017eali sa predstavnikom Udru\u017eenja...<\/div><\/div><div class=\"blog-post_meta-wrap\"><div class=\"meta-data\"><span class=\"post_author\">By <a href=\"https:\/\/donprijedor.com\/?author=1\">webmaster<\/a><\/span><span class=\"comments_post\"><a href=\"https:\/\/donprijedor.com\/?p=11148#respond\" title=\"Leave a reply\">0 Comments<\/a><\/span><\/div><div class=\"meta-info\"><div class=\"share_post-container\"><a href=\"#\"><\/a><div class=\"share_social-wpapper\"><ul><li><a class=\"share_post share_twitter\" target=\"_blank\" href=\"https:\/\/twitter.com\/intent\/tweet?text=Sastanak%20sa%20Udru\u017eenjem%20&#8220;Plavi%20balon&#8221;&#038;url=https:\/\/donprijedor.com\/?p=11148\"><span class=\"fab fa-twitter\"><\/span><\/a><\/li><li><a class=\"share_post share_facebook\" target=\"_blank\" href=\"https:\/\/www.facebook.com\/share.php?u=https:\/\/donprijedor.com\/?p=11148\"><span class=\"fab fa-facebook-f\"><\/span><\/a><\/li><li><a class=\"share_post share_pinterest\" target=\"_blank\" href=\"https:\/\/pinterest.com\/pin\/create\/button\/?url=https:\/\/donprijedor.com\/?p=11148&#038;media=https:\/\/donprijedor.com\/wp-content\/uploads\/2025\/04\/2-1.jpg\"><span class=\"fab fa-pinterest-p\"><\/span><\/a><\/li><li><a class=\"share_post share_linkedin\" target=\"_blank\" href=\"http:\/\/www.linkedin.com\/shareArticle?mini=true&#038;url=https%3A%2F%2Fdonprijedor.com%2F%3Fp%3D11148&title=Sastanak+sa+Udru%C5%BEenjem+%E2%80%9CPlavi+balon%E2%80%9D\"><span class=\"fab fa-linkedin-in fa-linkedin\"><\/span><\/a><\/li><\/ul><\/div><\/div><\/div><\/div><\/div><\/div><\/div><div class=\"wgl_col-12 item\"><div class=\"blog-post format-standard format-no_featured\"><div class=\"blog-post_wrapper\"><div class=\"blog-post_content\"><span class=\"post_categories\"><span><a href=\"https:\/\/donprijedor.com\/?cat=31\">Trenutni projekti<\/a><\/span><\/span><div class=\"meta-data\"><span class=\"post_date\">30\/04\/2026<\/span><\/div><h3 class=\"blog-post_title\"><a href=\"https:\/\/donprijedor.com\/?p=11149\">Pri\u010de korisnika<\/a><\/h3><div class=\"blog-post_text\">U narednom periodu predstavljamo video pri\u010de korisnika, starih i iznemoglih lica o njihovim uslovima \u017eivota i zna\u010daju implementacije socijalne usluge &#8220;Pomo\u0107 i...<\/div><\/div><div class=\"blog-post_meta-wrap\"><div class=\"meta-data\"><span class=\"post_author\">By <a href=\"https:\/\/donprijedor.com\/?author=1\">webmaster<\/a><\/span><span class=\"comments_post\"><a href=\"https:\/\/donprijedor.com\/?p=11149#respond\" title=\"Leave a reply\">0 Comments<\/a><\/span><\/div><div class=\"meta-info\"><div class=\"share_post-container\"><a href=\"#\"><\/a><div class=\"share_social-wpapper\"><ul><li><a class=\"share_post share_twitter\" target=\"_blank\" href=\"https:\/\/twitter.com\/intent\/tweet?text=Pri\u010de%20korisnika&#038;url=https:\/\/donprijedor.com\/?p=11149\"><span class=\"fab fa-twitter\"><\/span><\/a><\/li><li><a class=\"share_post share_facebook\" target=\"_blank\" href=\"https:\/\/www.facebook.com\/share.php?u=https:\/\/donprijedor.com\/?p=11149\"><span class=\"fab fa-facebook-f\"><\/span><\/a><\/li><li><a class=\"share_post share_linkedin\" target=\"_blank\" href=\"http:\/\/www.linkedin.com\/shareArticle?mini=true&#038;url=https%3A%2F%2Fdonprijedor.com%2F%3Fp%3D11149&title=Pri%C4%8De+korisnika\"><span class=\"fab fa-linkedin-in fa-linkedin\"><\/span><\/a><\/li><\/ul><\/div><\/div><\/div><\/div><\/div><\/div><\/div><div class=\"wgl_col-12 item\"><div class=\"blog-post format-standard-image\"><div class=\"blog-post_wrapper\"><div class=\"blog-post_media\"><div class=\"blog-post_media_part\"><a href=\"https:\/\/donprijedor.com\/?p=11150\" class=\"media-link image-overlay\"><img loading=\"lazy\" decoding=\"async\" src=\"https:\/\/donprijedor.com\/wp-content\/uploads\/2025\/05\/222-1170x725.jpg\" class=\" blog-img blog-img blog-img blog-img blog-img\" width=\"1170\" height=\"725\" alt=\"222\"><\/a><\/div><span class=\"post_categories\"><span><a href=\"https:\/\/donprijedor.com\/?cat=34\">Ekonomsko osna\u017eivanje gra\u0111ana<\/a><\/span><span><a href=\"https:\/\/donprijedor.com\/?cat=33\">Humanitarne, volonterske i edukativne aktivnosti<\/a><\/span><span><a href=\"https:\/\/donprijedor.com\/?cat=32\">Ja\u010danje civilnog dru\u0161tva<\/a><\/span><span><a href=\"https:\/\/donprijedor.com\/?cat=31\">Trenutni projekti<\/a><\/span><span><a href=\"https:\/\/donprijedor.com\/?cat=15\">Vijesti<\/a><\/span><\/span><\/div><div class=\"blog-post_content\"><div class=\"meta-data\"><span class=\"post_date\">30\/04\/2026<\/span><\/div><h3 class=\"blog-post_title\"><a href=\"https:\/\/donprijedor.com\/?p=11150\">Sastanak sa predstavnicima Centra za socijalni rad<\/a><\/h3><div class=\"blog-post_text\">Dostojanstven \u017eivot i dostojanstveno starenje mora biti omogu\u0107\u0435no svim gra\u0111anima!\n\n\n\nU Prijedoru se danas sa predstavnicima Centra za socijalni rad, razgovaralo o pravu...<\/div><\/div><div class=\"blog-post_meta-wrap\"><div class=\"meta-data\"><span class=\"post_author\">By <a href=\"https:\/\/donprijedor.com\/?author=1\">webmaster<\/a><\/span><span class=\"comments_post\"><a href=\"https:\/\/donprijedor.com\/?p=11150#respond\" title=\"Leave a reply\">0 Comments<\/a><\/span><\/div><div class=\"meta-info\"><div class=\"share_post-container\"><a href=\"#\"><\/a><div class=\"share_social-wpapper\"><ul><li><a class=\"share_post share_twitter\" target=\"_blank\" href=\"https:\/\/twitter.com\/intent\/tweet?text=Sastanak%20sa%20predstavnicima%20Centra%20za%20socijalni%20rad&#038;url=https:\/\/donprijedor.com\/?p=11150\"><span class=\"fab fa-twitter\"><\/span><\/a><\/li><li><a class=\"share_post share_facebook\" target=\"_blank\" href=\"https:\/\/www.facebook.com\/share.php?u=https:\/\/donprijedor.com\/?p=11150\"><span class=\"fab fa-facebook-f\"><\/span><\/a><\/li><li><a class=\"share_post share_pinterest\" target=\"_blank\" href=\"https:\/\/pinterest.com\/pin\/create\/button\/?url=https:\/\/donprijedor.com\/?p=11150&#038;media=https:\/\/donprijedor.com\/wp-content\/uploads\/2025\/05\/222.jpg\"><span class=\"fab fa-pinterest-p\"><\/span><\/a><\/li><li><a class=\"share_post share_linkedin\" target=\"_blank\" href=\"http:\/\/www.linkedin.com\/shareArticle?mini=true&#038;url=https%3A%2F%2Fdonprijedor.com%2F%3Fp%3D11150&title=Sastanak+sa+predstavnicima+Centra+za+socijalni+rad\"><span class=\"fab fa-linkedin-in fa-linkedin\"><\/span><\/a><\/li><\/ul><\/div><\/div><\/div><\/div><\/div><\/div><\/div><div class=\"wgl_col-12 item\"><div class=\"blog-post format-standard-image\"><div class=\"blog-post_wrapper\"><div class=\"blog-post_media\"><div class=\"blog-post_media_part\"><a href=\"https:\/\/donprijedor.com\/?p=11151\" class=\"media-link image-overlay\"><img loading=\"lazy\" decoding=\"async\" src=\"https:\/\/donprijedor.com\/wp-content\/uploads\/2025\/05\/01-1-1170x725.jpg\" class=\" blog-img blog-img blog-img blog-img blog-img blog-img\" width=\"1170\" height=\"725\" alt=\"01\"><\/a><\/div><span class=\"post_categories\"><span><a href=\"https:\/\/donprijedor.com\/?cat=34\">Ekonomsko osna\u017eivanje gra\u0111ana<\/a><\/span><span><a href=\"https:\/\/donprijedor.com\/?cat=33\">Humanitarne, volonterske i edukativne aktivnosti<\/a><\/span><span><a href=\"https:\/\/donprijedor.com\/?cat=32\">Ja\u010danje civilnog dru\u0161tva<\/a><\/span><span><a href=\"https:\/\/donprijedor.com\/?cat=31\">Trenutni projekti<\/a><\/span><span><a href=\"https:\/\/donprijedor.com\/?cat=15\">Vijesti<\/a><\/span><\/span><\/div><div class=\"blog-post_content\"><div class=\"meta-data\"><span class=\"post_date\">30\/04\/2026<\/span><\/div><h3 class=\"blog-post_title\"><a href=\"https:\/\/donprijedor.com\/?p=11151\">Podr\u0161ka za &#8220;Pomo\u0107 u ku\u0107i!&#8221; iz gradske uprave Prijedor<\/a><\/h3><div class=\"blog-post_text\">Dana 05.05.2025.godine odr\u017ean je sastanak sa Na\u010delnicom Odjeljenja za obrazovanje, zdravstvo, socijalnu za\u0161titu i pronatalitetnu i demografsku politiku, g\u0111om Oliverom...<\/div><\/div><div class=\"blog-post_meta-wrap\"><div class=\"meta-data\"><span class=\"post_author\">By <a href=\"https:\/\/donprijedor.com\/?author=1\">webmaster<\/a><\/span><span class=\"comments_post\"><a href=\"https:\/\/donprijedor.com\/?p=11151#respond\" title=\"Leave a reply\">0 Comments<\/a><\/span><\/div><div class=\"meta-info\"><div class=\"share_post-container\"><a href=\"#\"><\/a><div class=\"share_social-wpapper\"><ul><li><a class=\"share_post share_twitter\" target=\"_blank\" href=\"https:\/\/twitter.com\/intent\/tweet?text=Podr\u0161ka%20za%20&#8220;Pomo\u0107%20u%20ku\u0107i!&#8221;%20iz%20gradske%20uprave%20Prijedor&#038;url=https:\/\/donprijedor.com\/?p=11151\"><span class=\"fab fa-twitter\"><\/span><\/a><\/li><li><a class=\"share_post share_facebook\" target=\"_blank\" href=\"https:\/\/www.facebook.com\/share.php?u=https:\/\/donprijedor.com\/?p=11151\"><span class=\"fab fa-facebook-f\"><\/span><\/a><\/li><li><a class=\"share_post share_pinterest\" target=\"_blank\" href=\"https:\/\/pinterest.com\/pin\/create\/button\/?url=https:\/\/donprijedor.com\/?p=11151&#038;media=https:\/\/donprijedor.com\/wp-content\/uploads\/2025\/05\/01-1.jpg\"><span class=\"fab fa-pinterest-p\"><\/span><\/a><\/li><li><a class=\"share_post share_linkedin\" target=\"_blank\" href=\"http:\/\/www.linkedin.com\/shareArticle?mini=true&#038;url=https%3A%2F%2Fdonprijedor.com%2F%3Fp%3D11151&title=Podr%C5%A1ka+za+%E2%80%9CPomo%C4%87+u+ku%C4%87i%21%E2%80%9D+iz+gradske+uprave+Prijedor\"><span class=\"fab fa-linkedin-in fa-linkedin\"><\/span><\/a><\/li><\/ul><\/div><\/div><\/div><\/div><\/div><\/div><\/div><div class=\"wgl_col-12 item\"><div class=\"blog-post format-standard format-no_featured\"><div class=\"blog-post_wrapper\"><div class=\"blog-post_content\"><span class=\"post_categories\"><span><a href=\"https:\/\/donprijedor.com\/?cat=31\">Trenutni projekti<\/a><\/span><\/span><div class=\"meta-data\"><span class=\"post_date\">30\/04\/2026<\/span><\/div><h3 class=\"blog-post_title\"><a href=\"https:\/\/donprijedor.com\/?p=11152\">O zna\u010daju usluge &#8220;Pomo\u0107 i njega u ku\u0107i&#8221; iz ugla zdravstvenih radnika.<\/a><\/h3><div class=\"blog-post_text\">Pogledajte video\n\n\n\nPRAGG &#8211; Proaktivni gra\u0111ani i gra\u0111anke\n\n\n\nAmbasada \u0160vicarske u Bosni i Hercegovini<\/div><\/div><div class=\"blog-post_meta-wrap\"><div class=\"meta-data\"><span class=\"post_author\">By <a href=\"https:\/\/donprijedor.com\/?author=1\">webmaster<\/a><\/span><span class=\"comments_post\"><a href=\"https:\/\/donprijedor.com\/?p=11152#respond\" title=\"Leave a reply\">0 Comments<\/a><\/span><\/div><div class=\"meta-info\"><div class=\"share_post-container\"><a href=\"#\"><\/a><div class=\"share_social-wpapper\"><ul><li><a class=\"share_post share_twitter\" target=\"_blank\" href=\"https:\/\/twitter.com\/intent\/tweet?text=O%20zna\u010daju%20usluge%20&#8220;Pomo\u0107%20i%20njega%20u%20ku\u0107i&#8221;%20iz%20ugla%20zdravstvenih%20radnika.&#038;url=https:\/\/donprijedor.com\/?p=11152\"><span class=\"fab fa-twitter\"><\/span><\/a><\/li><li><a class=\"share_post share_facebook\" target=\"_blank\" href=\"https:\/\/www.facebook.com\/share.php?u=https:\/\/donprijedor.com\/?p=11152\"><span class=\"fab fa-facebook-f\"><\/span><\/a><\/li><li><a class=\"share_post share_linkedin\" target=\"_blank\" href=\"http:\/\/www.linkedin.com\/shareArticle?mini=true&#038;url=https%3A%2F%2Fdonprijedor.com%2F%3Fp%3D11152&title=O+zna%C4%8Daju+usluge+%E2%80%9CPomo%C4%87+i+njega+u+ku%C4%87i%E2%80%9D+iz+ugla+zdravstvenih+radnika.\"><span class=\"fab fa-linkedin-in fa-linkedin\"><\/span><\/a><\/li><\/ul><\/div><\/div><\/div><\/div><\/div><\/div><\/div><\/div><\/div><ul class=\"wgl-pagination\"><li class='page'><span aria-current=\"page\" class=\"page-numbers current\">1<\/span><\/li><li class='page'><a class=\"page-numbers\" href=\"https:\/\/donprijedor.com\/index.php?rest_route=%2Fwp%2Fv2%2Fpages%2F10946&#038;paged=2\">2<\/a><\/li><li class='page'><a class=\"page-numbers\" href=\"https:\/\/donprijedor.com\/index.php?rest_route=%2Fwp%2Fv2%2Fpages%2F10946&#038;paged=3\">3<\/a><\/li><li class='page'><span class=\"page-numbers dots\">&hellip;<\/span><\/li><li class='page'><a class=\"page-numbers\" href=\"https:\/\/donprijedor.com\/index.php?rest_route=%2Fwp%2Fv2%2Fpages%2F10946&#038;paged=188\">188<\/a><\/li><li class='page'><a class=\"next page-numbers\" href=\"https:\/\/donprijedor.com\/index.php?rest_route=%2Fwp%2Fv2%2Fpages%2F10946&#038;paged=2\"><i class=\"flaticon-right-arrow-1\"><\/i><\/a><\/li><\/ul><\/section>\t\t\t\t<\/div>\n\t\t\t\t<\/div>\n\t\t\t\t\t<\/div>\n\t\t<\/div>\n\t\t\t\t\t<\/div>\n\t\t<\/section>\n\t\t\t\t<\/div>\n\t\t","protected":false},"excerpt":{"rendered":"<p>Ekonomsko osna\u017eivanje gra\u0111anaHumanitarne, volonterske i edukativne aktivnostiJa\u010danje civilnog dru\u0161tvaRad na gra\u0111enju zajednicaTrenutni projektiVijesti30\/04\/2026 Sastanak sa Udru\u017eenjem NEVEN U srijedu 16.04.2025.godine, odr\u017eali smo prvi radni sastanaka u okviru programa PRAGG sa Udru\u017eenjem NEVEN iz Prijedora, koji ve\u0107 dugo godina o\u010dekuju da za\u017eivi tu\u0111a njega&#8230;By webmaster0 Comments Ekonomsko osna\u017eivanje gra\u0111anaHumanitarne, volonterske i edukativne aktivnostiRad na gra\u0111enju zajednicaTrenutni [&hellip;]<\/p>\n","protected":false},"author":1,"featured_media":0,"parent":0,"menu_order":0,"comment_status":"closed","ping_status":"closed","template":"","meta":{"give_campaign_id":0,"footnotes":""},"class_list":["post-10946","page","type-page","status-publish","hentry"],"aioseo_notices":[],"campaignId":"","_links":{"self":[{"href":"https:\/\/donprijedor.com\/index.php?rest_route=\/wp\/v2\/pages\/10946","targetHints":{"allow":["GET"]}}],"collection":[{"href":"https:\/\/donprijedor.com\/index.php?rest_route=\/wp\/v2\/pages"}],"about":[{"href":"https:\/\/donprijedor.com\/index.php?rest_route=\/wp\/v2\/types\/page"}],"author":[{"embeddable":true,"href":"https:\/\/donprijedor.com\/index.php?rest_route=\/wp\/v2\/users\/1"}],"replies":[{"embeddable":true,"href":"https:\/\/donprijedor.com\/index.php?rest_route=%2Fwp%2Fv2%2Fcomments&post=10946"}],"version-history":[{"count":7,"href":"https:\/\/donprijedor.com\/index.php?rest_route=\/wp\/v2\/pages\/10946\/revisions"}],"predecessor-version":[{"id":11664,"href":"https:\/\/donprijedor.com\/index.php?rest_route=\/wp\/v2\/pages\/10946\/revisions\/11664"}],"wp:attachment":[{"href":"https:\/\/donprijedor.com\/index.php?rest_route=%2Fwp%2Fv2%2Fmedia&parent=10946"}],"curies":[{"name":"wp","href":"https:\/\/api.w.org\/{rel}","templated":true}]}}