{"id":869,"date":"2014-09-02T14:48:15","date_gmt":"2014-09-02T13:48:15","guid":{"rendered":"http:\/\/donprijedor.com\/?page_id=869"},"modified":"2014-09-04T14:58:06","modified_gmt":"2014-09-04T13:58:06","slug":"rad-na-zastiti-potrosaca","status":"publish","type":"page","link":"https:\/\/donprijedor.com\/?page_id=869","title":{"rendered":"Rad na za\u0161titi potro\u0161a\u010da"},"content":{"rendered":"<p>Udru\u017eenje gra\u0111ana \u201eDON\u201c je aktivno od 2008. godine u svoj rad uvelo kao strate\u0161ki programa oblast za\u0161tite potro\u0161a\u010da. Jedno smo od osam registrovanih Udru\u017eenja za za\u0161titu potro\u0161a\u010da registrovano pri odsjeku za za\u0161titu potro\u0161a\u010da, Ministarstva trgovine i turizma Vlade Republike Srpske.<\/p>\n<p>U godini iza nas Udru\u017eenje je u sklopu redovnih aktivnosti na za\u0161titi potro\u0161a\u010da vr\u0161ilo:<\/p>\n<p>Kontrolu cijena osnovnih \u017eivotnih namirnica svakog mjeseca u \u010detiri trgova\u010dka centra u Prijedoru;<\/p>\n<ul>\n<li>Pra\u0107enje izdavanja fiskalnih ra\u010duna potro\u0161a\u010dima kod svih pru\u017eaoca usluga;<\/li>\n<li>Kontrolu sezonskih sni\u017eenja i rasprodaja u Prijedoru i gradovima prijedorske regije;<\/li>\n<li>Zastupanje potro\u0161a\u010da pred pru\u017eaocima usluga;<\/li>\n<\/ul>\n<p>Od po\u010detka rada na za\u0161titi potro\u0161a\u010da udru\u017eenje pru\u017ea pravnu pomo\u0107 gra\u0111anima u slu\u010daju kr\u0161enja potro\u0161a\u010dkih prava od strane trgovaca i pru\u017eaoca usluga.<\/p>\n<p>Za potrebe boljeg informisanja gra\u0111ana o potro\u0161a\u010dkim pravima sve aktivnosti vezane za za\u0161titu potro\u0161a\u010da se objavljuju na sajtu Udru\u017eenja, te Facebook stranici Udru\u017eenja za za\u0161titu potro\u0161a\u010da DON. Redovni smo sagovornici sa novinarima Nezavisnih novina i Blica koji su u svojim tekstovima o za\u0161titi potro\u0161a\u010da redovno, objavljivali izjave i podatke o istra\u017eivanjima UG \u201eDON\u201c-a.<\/p>\n","protected":false},"excerpt":{"rendered":"<p>Udru\u017eenje gra\u0111ana \u201eDON\u201c je aktivno od 2008. godine u svoj rad uvelo kao strate\u0161ki programa oblast za\u0161tite potro\u0161a\u010da. Jedno smo od osam registrovanih Udru\u017eenja za za\u0161titu potro\u0161a\u010da registrovano pri odsjeku za za\u0161titu potro\u0161a\u010da, Ministarstva trgovine i turizma Vlade Republike Srpske. U godini iza nas Udru\u017eenje je u sklopu redovnih aktivnosti na za\u0161titi potro\u0161a\u010da vr\u0161ilo: Kontrolu cijena osnovnih \u017eivotnih namirnica svakog mjeseca u \u010detiri trgova\u010dka centra u Prijedoru; Pra\u0107enje izdavanja fiskalnih ra\u010duna potro\u0161a\u010dima kod svih pru\u017eaoca usluga; Kontrolu sezonskih sni\u017eenja i rasprodaja u Prijedoru i gradovima prijedorske regije; Zastupanje potro\u0161a\u010da pred pru\u017eaocima usluga; Od po\u010detka rada na za\u0161titi potro\u0161a\u010da udru\u017eenje pru\u017ea pravnu pomo\u0107 gra\u0111anima u slu\u010daju kr\u0161enja potro\u0161a\u010dkih prava od strane trgovaca i pru\u017eaoca usluga. Za potrebe boljeg informisanja gra\u0111ana o potro\u0161a\u010dkim pravima sve aktivnosti vezane za za\u0161titu potro\u0161a\u010da se objavljuju na sajtu Udru\u017eenja, te Facebook stranici Udru\u017eenja za za\u0161titu potro\u0161a\u010da DON. Redovni smo sagovornici sa novinarima Nezavisnih novina i Blica koji su u svojim tekstovima o za\u0161titi potro\u0161a\u010da redovno, objavljivali izjave i podatke o istra\u017eivanjima UG \u201eDON\u201c-a.<\/p>\n<a class=\"more-link\" rel=\"nofollow\" href=\"https:\/\/donprijedor.com\/?page_id=869\">[Detaljnije...]<\/a>","protected":false},"author":1,"featured_media":0,"parent":0,"menu_order":0,"comment_status":"closed","ping_status":"closed","template":"","meta":{"footnotes":""},"class_list":["post-869","page","type-page","status-publish","hentry"],"_links":{"self":[{"href":"https:\/\/donprijedor.com\/index.php?rest_route=\/wp\/v2\/pages\/869","targetHints":{"allow":["GET"]}}],"collection":[{"href":"https:\/\/donprijedor.com\/index.php?rest_route=\/wp\/v2\/pages"}],"about":[{"href":"https:\/\/donprijedor.com\/index.php?rest_route=\/wp\/v2\/types\/page"}],"author":[{"embeddable":true,"href":"https:\/\/donprijedor.com\/index.php?rest_route=\/wp\/v2\/users\/1"}],"replies":[{"embeddable":true,"href":"https:\/\/donprijedor.com\/index.php?rest_route=%2Fwp%2Fv2%2Fcomments&post=869"}],"version-history":[{"count":2,"href":"https:\/\/donprijedor.com\/index.php?rest_route=\/wp\/v2\/pages\/869\/revisions"}],"predecessor-version":[{"id":1081,"href":"https:\/\/donprijedor.com\/index.php?rest_route=\/wp\/v2\/pages\/869\/revisions\/1081"}],"wp:attachment":[{"href":"https:\/\/donprijedor.com\/index.php?rest_route=%2Fwp%2Fv2%2Fmedia&parent=869"}],"curies":[{"name":"wp","href":"https:\/\/api.w.org\/{rel}","templated":true}]}}