{"id":9606,"date":"2026-04-15T08:25:02","date_gmt":"2026-04-15T08:25:02","guid":{"rendered":"http:\/\/localhost\/don\/?page_id=9606"},"modified":"2026-04-15T08:25:02","modified_gmt":"2026-04-15T08:25:02","slug":"jacanje-civilnog-drustva","status":"publish","type":"page","link":"https:\/\/donprijedor.com\/?page_id=9606","title":{"rendered":"Ja\u010danje civilnog dru\u0161tva"},"content":{"rendered":"\n<h2 class=\"wp-block-heading has-text-align-center\">Ja\u010danje civilnog dru\u0161tva<\/h2>\n\n\n\n<p>Civilno dru\u0161tvo u Bosni i Hercegovini ima veliki broj organizacija koje djeluju na lokalnom nivou.<\/p>\n\n\n\n<p>To su uglavnom male organizacije, volontreske sa limitiranim tehni\u010dkim i organizacionim kapacitetima. Iako ne postoji baza podataka svih registrovanih organizacija, pretpostavka je da ih trenutno ima oko 12 000 od kojih ve\u0107inu \u010dine udru\u017eenja, sa malim brojem zaposlenih (do 5 zaposlenih).<\/p>\n\n\n\n<p>Podru\u010dje djelovanja na\u0161eg Udru\u017eenja odnosi se i na doprinos procesu ja\u010danja kapaciteta organizacija civilnog dru\u0161tva u promociji ljudskih prava i demokratskim reformama u BiH. Cilj nam je posti\u0107i da organizacije civilnog dru\u0161tva budu prepoznate po svom doprinosu u zajednici i \u0161ire kao ozbiljan i nezaobilazan faktor dru\u0161tva.<\/p>\n\n\n\n<p>Kroz Program ja\u010danja kapaciteta organizacija civilnog dru\u0161tva unapre\u0111ujemo znanja i ve\u0161tine predstavnika organizacija civilnog dru\u0161tva za njihovo aktivno u\u010de\u0161\u0107e u kreiranju javnih politika, javno zagovaranje prakti\u010dnih politika, i doprinosimo aktivnom u\u010de\u0161\u0107u udru\u017eenja u programiranju i pra\u0107enju kori\u0161\u0107enja javnih fondova.<\/p>\n\n\n\n<p><\/p>\n","protected":false},"excerpt":{"rendered":"<p>Ja\u010danje civilnog dru\u0161tva Civilno dru\u0161tvo u Bosni i Hercegovini ima veliki broj organizacija koje djeluju na lokalnom nivou. To su uglavnom male organizacije, volontreske sa limitiranim tehni\u010dkim i organizacionim kapacitetima. Iako ne postoji baza podataka svih registrovanih organizacija, pretpostavka je da ih trenutno ima oko 12 000 od kojih ve\u0107inu \u010dine udru\u017eenja, sa malim brojem [&hellip;]<\/p>\n","protected":false},"author":1,"featured_media":0,"parent":0,"menu_order":0,"comment_status":"closed","ping_status":"open","template":"","meta":{"give_campaign_id":0,"footnotes":""},"class_list":["post-9606","page","type-page","status-publish","hentry"],"aioseo_notices":[],"campaignId":"","_links":{"self":[{"href":"https:\/\/donprijedor.com\/index.php?rest_route=\/wp\/v2\/pages\/9606","targetHints":{"allow":["GET"]}}],"collection":[{"href":"https:\/\/donprijedor.com\/index.php?rest_route=\/wp\/v2\/pages"}],"about":[{"href":"https:\/\/donprijedor.com\/index.php?rest_route=\/wp\/v2\/types\/page"}],"author":[{"embeddable":true,"href":"https:\/\/donprijedor.com\/index.php?rest_route=\/wp\/v2\/users\/1"}],"replies":[{"embeddable":true,"href":"https:\/\/donprijedor.com\/index.php?rest_route=%2Fwp%2Fv2%2Fcomments&post=9606"}],"version-history":[{"count":0,"href":"https:\/\/donprijedor.com\/index.php?rest_route=\/wp\/v2\/pages\/9606\/revisions"}],"wp:attachment":[{"href":"https:\/\/donprijedor.com\/index.php?rest_route=%2Fwp%2Fv2%2Fmedia&parent=9606"}],"curies":[{"name":"wp","href":"https:\/\/api.w.org\/{rel}","templated":true}]}}