{"id":9772,"date":"2026-04-20T06:13:26","date_gmt":"2026-04-20T06:13:26","guid":{"rendered":"http:\/\/localhost\/don\/?page_id=9772"},"modified":"2026-05-03T15:02:47","modified_gmt":"2026-05-03T14:02:47","slug":"ekonomsko-osnazivanje-gradana","status":"publish","type":"page","link":"https:\/\/donprijedor.com\/?page_id=9772","title":{"rendered":"Ekonomsko osna\u017eivanje gra\u0111ana"},"content":{"rendered":"<h2 \n\t\tdata-interaction-id=\"0a1bad9\" \n\t\tclass=\"e-0a1bad9-62e0aa2 e-heading-base\" \n\t><br \/>\n\t\t\t<strong>Ekonomsko osna\u017eivanje gra\u0111ana<\/strong><br \/>\n\t\t<\/h2>\n<p>Cjelo\u017eivotno u\u010denje odnosi se na \u201csvaku aktivnost u\u010denja tokom cijeloga \u017eivota radi unapre\u0111enja znanja, vje\u0161tina i kompetencija u okviru li\u010dnog, gra\u0111anskog, dru\u0161tvenog ili profesionalnog djelovanja pojedinca\u201d. Koncept cjelo\u017eivotnog u\u010denja zamisao je uspostavljanja u\u010denja u svim \u017eivotnim razdobljima i u svim oblicima u kojima se ostvaruje (formalno, neformalno i informalno).<\/p>\n<p>Uz koncept cjelo\u017eivotnog u\u010denja naj\u010de\u0161\u0107e se vezuju ciljevi ekonomske prirode, npr. postizanje ve\u0107e konkurentnosti i trajne zaposlenosti. S druge strane ne smiju se zanemariti jednako va\u017eni ciljevi koji pridonose aktivnijoj ulozi pojedinca u dru\u0161tvu.<\/p>\n<p>Ti su ciljevi podsticanje dru\u0161tvene uklju\u010denosti, razvoj aktivnoga gra\u0111anstvate razvijanje individualnih potencijala pojedinaca.<\/p>\n<p>Na\u0161a iskustva se\u017eu i van granica na\u0161e zemlje (Italija, Ma\u0111arska, \u0160vedska i dr.) u kojima smo u\u010dili o zna\u010daju stvaranja mogu\u0107nosti sticanja novih znanja kroz neformalno-gra\u0111ansko obrazovanje, dobijanje certifikata koji \u0107e omogu\u0107iti lak\u0161e pronala\u017eenje novih poslova, a ujedno i preporuku poslodavcima da su polaznici obuke dobijanjem certifikata pro\u0161li kroz izuzetno kvalitetnu teoretsku i prakti\u010dnu obuku i stekli visok nivo znanja.<\/p>\n<p>Ve\u0107 dugi niz godina akcenat stavljamo na rad sa mladima. Kroz razli\u010dite projekte neformalne edukacije, promocije volonterizma i aktivizma, promovisanja prava mladih, preno\u0161enja znanja i iskustava, razvijanja kreativnosti, socijalizacije mladih razli\u010ditih multietni\u010dkih grupa, mladima pru\u017eamo priliku da kroz razne aktivnosti razviju sebe i svoje dru\u0161tvene sposobnosti i da se svojim radom uklju\u010de u dru\u0161tvene tokove i ekonomski razvoj zajednice u kojoj \u0107e njihova prava biti priznata i ostvarena.<\/p>\n","protected":false},"excerpt":{"rendered":"<p>Ekonomsko osna\u017eivanje gra\u0111ana Cjelo\u017eivotno u\u010denje odnosi se na \u201csvaku aktivnost u\u010denja tokom cijeloga \u017eivota radi unapre\u0111enja znanja, vje\u0161tina i kompetencija u okviru li\u010dnog, gra\u0111anskog, dru\u0161tvenog ili profesionalnog djelovanja pojedinca\u201d. Koncept cjelo\u017eivotnog u\u010denja zamisao je uspostavljanja u\u010denja u svim \u017eivotnim razdobljima i u svim oblicima u kojima se ostvaruje (formalno, neformalno i informalno). Uz koncept cjelo\u017eivotnog [&hellip;]<\/p>\n","protected":false},"author":1,"featured_media":0,"parent":0,"menu_order":0,"comment_status":"closed","ping_status":"open","template":"","meta":{"give_campaign_id":0,"footnotes":""},"class_list":["post-9772","page","type-page","status-publish","hentry"],"aioseo_notices":[],"campaignId":"","_links":{"self":[{"href":"https:\/\/donprijedor.com\/index.php?rest_route=\/wp\/v2\/pages\/9772","targetHints":{"allow":["GET"]}}],"collection":[{"href":"https:\/\/donprijedor.com\/index.php?rest_route=\/wp\/v2\/pages"}],"about":[{"href":"https:\/\/donprijedor.com\/index.php?rest_route=\/wp\/v2\/types\/page"}],"author":[{"embeddable":true,"href":"https:\/\/donprijedor.com\/index.php?rest_route=\/wp\/v2\/users\/1"}],"replies":[{"embeddable":true,"href":"https:\/\/donprijedor.com\/index.php?rest_route=%2Fwp%2Fv2%2Fcomments&post=9772"}],"version-history":[{"count":1,"href":"https:\/\/donprijedor.com\/index.php?rest_route=\/wp\/v2\/pages\/9772\/revisions"}],"predecessor-version":[{"id":11335,"href":"https:\/\/donprijedor.com\/index.php?rest_route=\/wp\/v2\/pages\/9772\/revisions\/11335"}],"wp:attachment":[{"href":"https:\/\/donprijedor.com\/index.php?rest_route=%2Fwp%2Fv2%2Fmedia&parent=9772"}],"curies":[{"name":"wp","href":"https:\/\/api.w.org\/{rel}","templated":true}]}}