{"id":9798,"date":"2026-04-20T06:29:46","date_gmt":"2026-04-20T06:29:46","guid":{"rendered":"http:\/\/localhost\/don\/?page_id=9798"},"modified":"2026-05-05T07:36:48","modified_gmt":"2026-05-05T06:36:48","slug":"lokalni-volonterski-servis","status":"publish","type":"page","link":"https:\/\/donprijedor.com\/?page_id=9798","title":{"rendered":"Lokalni Volonterski Servis"},"content":{"rendered":"\t\t<div data-elementor-type=\"wp-page\" data-elementor-id=\"9798\" class=\"elementor elementor-9798\">\n\t\t\t\t<div class=\"elementor-element elementor-element-721ced27 e-flex e-con-boxed e-con e-parent\" data-id=\"721ced27\" data-element_type=\"container\" data-e-type=\"container\">\n\t\t\t\t\t<div class=\"e-con-inner\">\n\t\t\t\t<div class=\"elementor-element elementor-element-79895bde elementor-widget elementor-widget-text-editor\" data-id=\"79895bde\" data-element_type=\"widget\" data-e-type=\"widget\" data-widget_type=\"text-editor.default\">\n\t\t\t\t\t\t\t\t\t<h2 class=\"e-0a1bad9-62e0aa2 e-heading-base\" data-interaction-id=\"0a1bad9\"><strong>Lokalni Volonterski Servis<\/strong><\/h2><p>Lokalni volonterski servis \u201cDON\u201d trenutno ima 117 registrovanih volontera koji svojim aktivnostima poma\u017eu razvoj zajednice, edukacije gra\u0111ana, izgradnju igrali\u0161ta, humanitarne akcije, prate izborni proces i mnoge druge aktivnosti. Mladi ste? \u017deljni novih saznanja i imate vi\u0161ak slobodnog vremena? \u017delite volontirati? Svakodnevno mo\u017eete da se prijavite u Lokalni volonterski servis \u201cDON\u201d od 8-16 sati koji se nalazi u Ulici Milo\u0161a Obrenovi\u0107a 18a. \u201cJA SAM VOLONTER, A TI?<\/p><p>Mre\u017ea lokalnih volonterskih servisa u BiH \u201cVolontiram!\u201d<\/p><p>Mre\u017ea lokalnih volonterskih servisa u Bosni i Hercegovini je asocijacija udru\u017eenja gra\u0111ana iz Bosne i Hercegovine okupljenih oko zajedni\u010dke vizije i misije vezanih za razvoj i podr\u0161ku volonterizma u Bosni i Hercegovini<\/p><p>Vizija mre\u017ee \u201cVolontiram!\u201d je:<br \/>Humano i ravnopravno demokratsko dru\u0161tvo koje aktivno uklju\u010duje gra\u0111ane u dru\u0161tvene procese.<\/p><p>Misija mre\u017ee \u2018Volontiram\u2019:<br \/>\u2018Volontiram!\u2019 je neformalna mre\u017ea lokalnih volonterskih servisa Bosne i Hercegovine, koja kroz aktivnosti promocije i razvoja volonterizma doprinosi izgradnji dru\u0161tvenih kapaciteta kao uslov za pobolj\u0161anje kvaliteta \u017eivota i razvoja zajednice u cjelini.<\/p><p>Strate\u0161ki ciljevi mre\u017ee \u201cVolontiram!\u201d:<\/p><p>Uspostavljen i primjenjen pravni okvir volonterizma u BiH;<br \/>Volonterizam prepoznat i prihva\u0107en kao pozitivna dru\u0161tvena vrijednost;<br \/>Uspostavljen jedinstven sistem volonterskog menad\u017ementa u BiH;<br \/>Jaka mre\u017ea \u2018Volontiram!\u2019 koju \u010dine odr\u017eivi lokalni volonterski servisi u BiH;<br \/>Mre\u017ea \u2018Volontiram!\u2019 prepoznata kao centar za informisanje, razmjenu iskustava i znanja i razvoj inovativnih metodologija na polju volonterizma na dr\u017eavnom i me\u0111unarodnom nivou.<\/p><p><b>Struktura mre\u017ee<\/b><\/p><p>Mre\u017eu \u2018Volontiram!\u2019 \u010dini 14 lokalnih volonterskih servisa:<\/p><p>LVS Banjaluka \u2013 Omladinski komunikativni centar<br \/>LVS Sarajevo \u2013 Savez organizacija za podr\u0161ku osobama s intelektualnim te\u0161ko\u0107ama FBiH<br \/>LVS Tuzla \u2013 Asocijacija Margina<br \/>LVS Zenica \u2013 Asocijacija Margina<br \/>LVS Bugojno \u2013 NVO \u201cSunce\u201d<br \/>LVS Trebinje \u2013 Odred izvi\u0111a\u010da \u201cTrebinje\u201d<br \/>LVS Srebrenica \u2013 Sara \u2013 Srebrenica<br \/>LVS Doboj \u2013 Udru\u017eenje paraplegi\u010dara, oboljelih od dje\u010dije paralize i ostalih tjelesnih invalida regije Doboj<br \/>LVS Bijeljina \u2013 PRONI Centar za omladinski razvoj<br \/>LVS Biha\u0107 \u2013 Volonterski centar Biha\u0107<br \/>LVS Derventa \u2013 Udru\u017eenje gra\u0111ana \u201cBios Plus\u201d<br \/>LVS Mrkonji\u0107 Grad \u2013 Omladinska organizacija \u201cCentar\u201d<br \/>LVS Mostar \u2013 Udru\u017eenje gra\u0111ana \u201cNe\u0161to vi\u0161e\u201d<br \/>LVS Br\u010dko \u2013 Crveni krst\/kri\u017e Br\u010dko distrikta<br \/>LVS Pale \u2013 Crveni krst Pale<br \/>LVS Jajce \u2013 Omladinski centar Jajce<br \/><strong>LVS Prijedor \u2013 UG \u201cDON\u201d Prijedor<\/strong><br \/>LVS Travnik \u2013 Centar za edukaciju mladih Travnik<\/p><p>Mre\u017eu \u201cVolontiram!\u201d administrativno zastupa \u201cDr\u017eavni volonterski centar\u201d vo\u0111en od strane LVS Banjaluka.<\/p>\t\t\t\t\t\t\t\t<\/div>\n\t\t\t\t\t<\/div>\n\t\t\t\t<\/div>\n\t\t\t\t<\/div>\n\t\t","protected":false},"excerpt":{"rendered":"<p>Lokalni Volonterski Servis Lokalni volonterski servis \u201cDON\u201d trenutno ima 117 registrovanih volontera koji svojim aktivnostima poma\u017eu razvoj zajednice, edukacije gra\u0111ana, izgradnju igrali\u0161ta, humanitarne akcije, prate izborni proces i mnoge druge aktivnosti. Mladi ste? \u017deljni novih saznanja i imate vi\u0161ak slobodnog vremena? \u017delite volontirati? Svakodnevno mo\u017eete da se prijavite u Lokalni volonterski servis \u201cDON\u201d od 8-16 [&hellip;]<\/p>\n","protected":false},"author":1,"featured_media":0,"parent":0,"menu_order":0,"comment_status":"closed","ping_status":"open","template":"","meta":{"give_campaign_id":0,"footnotes":""},"class_list":["post-9798","page","type-page","status-publish","hentry"],"aioseo_notices":[],"campaignId":"","_links":{"self":[{"href":"https:\/\/donprijedor.com\/index.php?rest_route=\/wp\/v2\/pages\/9798","targetHints":{"allow":["GET"]}}],"collection":[{"href":"https:\/\/donprijedor.com\/index.php?rest_route=\/wp\/v2\/pages"}],"about":[{"href":"https:\/\/donprijedor.com\/index.php?rest_route=\/wp\/v2\/types\/page"}],"author":[{"embeddable":true,"href":"https:\/\/donprijedor.com\/index.php?rest_route=\/wp\/v2\/users\/1"}],"replies":[{"embeddable":true,"href":"https:\/\/donprijedor.com\/index.php?rest_route=%2Fwp%2Fv2%2Fcomments&post=9798"}],"version-history":[{"count":3,"href":"https:\/\/donprijedor.com\/index.php?rest_route=\/wp\/v2\/pages\/9798\/revisions"}],"predecessor-version":[{"id":11661,"href":"https:\/\/donprijedor.com\/index.php?rest_route=\/wp\/v2\/pages\/9798\/revisions\/11661"}],"wp:attachment":[{"href":"https:\/\/donprijedor.com\/index.php?rest_route=%2Fwp%2Fv2%2Fmedia&parent=9798"}],"curies":[{"name":"wp","href":"https:\/\/api.w.org\/{rel}","templated":true}]}}